{"id":267,"date":"2016-05-16T08:26:06","date_gmt":"2016-05-16T07:26:06","guid":{"rendered":"https:\/\/old.lucaoccelli.com\/it\/?page_id=267"},"modified":"2021-01-19T22:43:40","modified_gmt":"2021-01-19T22:43:40","slug":"chi-e-un-consulente-olistico","status":"publish","type":"page","link":"https:\/\/old.lucaoccelli.com\/it\/chi-e-un-consulente-olistico\/","title":{"rendered":"Chi \u00e8 il consulente olistico"},"content":{"rendered":"<p>[et_pb_section fb_built=&#8221;1&#8243; fullwidth=&#8221;on&#8221; custom_padding_last_edited=&#8221;on|desktop&#8221; _builder_version=&#8221;3.22&#8243; background_color=&#8221;#ffffff&#8221; custom_padding_tablet=&#8221;50px|0|50px|0&#8243; custom_padding_phone=&#8221;&#8221; hover_enabled=&#8221;0&#8243; transparent_background=&#8221;off&#8221; padding_mobile=&#8221;off&#8221; sticky_enabled=&#8221;0&#8243;][et_pb_fullwidth_header title=&#8221;Chi \u00e8 il Consulente Olistico&#8221; subhead=&#8221;Tu sei principalmente un essere spirituale con una mente ed un corpo&#8221; text_orientation=&#8221;center&#8221; header_scroll_down=&#8221;on&#8221; scroll_down_icon=&#8221;%%2%%&#8221; background_overlay_color=&#8221;rgba(1,21,58,0.4)&#8221; _builder_version=&#8221;4.6.5&#8243; title_font_size=&#8221;36px&#8221; subhead_font_size=&#8221;24px&#8221; background_color=&#8221;#01153a&#8221; background_image=&#8221;https:\/\/old.lucaoccelli.com\/wp-content\/uploads\/2016\/05\/metafisica.jpg&#8221; hover_enabled=&#8221;0&#8243; custom_css_main_element=&#8221;padding-top: 86px;||padding-bottom: 86px;&#8221; custom_css_subtitle=&#8221;margin-top: 24px;&#8221; background_url=&#8221;https:\/\/old.lucaoccelli.com\/wp-content\/uploads\/2016\/05\/metafisica.jpg&#8221; button_one_text_size__hover_enabled=&#8221;off&#8221; button_two_text_size__hover_enabled=&#8221;off&#8221; button_one_text_color__hover_enabled=&#8221;off&#8221; button_two_text_color__hover_enabled=&#8221;off&#8221; button_one_border_width__hover_enabled=&#8221;off&#8221; button_two_border_width__hover_enabled=&#8221;off&#8221; button_one_border_color__hover_enabled=&#8221;off&#8221; button_two_border_color__hover_enabled=&#8221;off&#8221; button_one_border_radius__hover_enabled=&#8221;off&#8221; button_two_border_radius__hover_enabled=&#8221;off&#8221; button_one_letter_spacing__hover_enabled=&#8221;off&#8221; button_two_letter_spacing__hover_enabled=&#8221;off&#8221; button_one_bg_color__hover_enabled=&#8221;off&#8221; button_two_bg_color__hover_enabled=&#8221;off&#8221; sticky_enabled=&#8221;0&#8243;][\/et_pb_fullwidth_header][\/et_pb_section][et_pb_section fb_built=&#8221;1&#8243; admin_label=&#8221;section&#8221; _builder_version=&#8221;3.22&#8243; hover_enabled=&#8221;0&#8243; sticky_enabled=&#8221;0&#8243;][et_pb_row _builder_version=&#8221;3.25&#8243; background_size=&#8221;initial&#8221; background_position=&#8221;top_left&#8221; background_repeat=&#8221;repeat&#8221;][et_pb_column type=&#8221;4_4&#8243; _builder_version=&#8221;3.25&#8243; custom_padding=&#8221;|||&#8221; custom_padding__hover=&#8221;|||&#8221;][et_pb_text _builder_version=&#8221;4.6.5&#8243; background_size=&#8221;initial&#8221; background_position=&#8221;top_left&#8221; background_repeat=&#8221;repeat&#8221; use_border_color=&#8221;off&#8221;]<\/p>\n<p style=\"text-align: justify;\">Il consulente olistico \u00e8 un professionista che aiuta il cliente a vivere felicemente e tiene in considerazione anche la componente spirituale della persona.<\/p>\n<p style=\"text-align: justify;\">Molta importanza \u00e8 anche attribuita al sistema di credenze del cliente e l&#8217;influenza che queste possono avere su come percepisce se stessa\/o, gli altri e la vita.<\/p>\n<p style=\"text-align: justify;\">Una delle\u00a0differenze principali tra la \u00a0consulenza olistica e altre modalit\u00e0 di assistenza alla persona \u00e8 che il primo \u00e8 un approccio spirituale della persona e della Vita. Se\u00a0ci\u00f2 non viene tenuto in considerazione \u00e8 solo possibile agire\u00a0al livello dell&#8217;ego che \u00e8 la\u00a0parte artificiale, costruita dell&#8217;individuo da dove normalmente si genera la sofferenza.<\/p>\n<p style=\"text-align: justify;\">Ho anche studiato psicologia e utilizzo queste conoscenze affiancate a quelle spirituali. Ci\u00f2\u00a0mi permette di avere gli strumenti per aiutare la componente psicologica e spirituale dell&#8217;individuo. Questi due aspetti una volta riconosciuti e compresi possono coesistere armoniosamente.<\/p>\n<p><a href=\"https:\/\/old.lucaoccelli.com\/it\/programmi\/\"><strong>PRENOTA ADESSO UN APPUNTAMENTO<\/strong><\/a><\/p>\n<p>[\/et_pb_text][\/et_pb_column][\/et_pb_row][\/et_pb_section]<\/p>\n","protected":false},"excerpt":{"rendered":"<p>Il consulente olistico \u00e8 un professionista che aiuta il cliente a vivere felicemente e tiene in considerazione anche la componente spirituale della persona. Molta importanza \u00e8 anche attribuita al sistema di credenze del cliente e l&#8217;influenza che queste possono avere su come percepisce se stessa\/o, gli altri e la vita. Una delle\u00a0differenze principali tra la [&hellip;]<\/p>\n","protected":false},"author":1,"featured_media":0,"parent":0,"menu_order":0,"comment_status":"closed","ping_status":"closed","template":"","meta":{"_et_pb_use_builder":"on","_et_pb_old_content":"","_et_gb_content_width":"","footnotes":""},"class_list":["post-267","page","type-page","status-publish","hentry"],"_links":{"self":[{"href":"https:\/\/old.lucaoccelli.com\/it\/wp-json\/wp\/v2\/pages\/267","targetHints":{"allow":["GET"]}}],"collection":[{"href":"https:\/\/old.lucaoccelli.com\/it\/wp-json\/wp\/v2\/pages"}],"about":[{"href":"https:\/\/old.lucaoccelli.com\/it\/wp-json\/wp\/v2\/types\/page"}],"author":[{"embeddable":true,"href":"https:\/\/old.lucaoccelli.com\/it\/wp-json\/wp\/v2\/users\/1"}],"replies":[{"embeddable":true,"href":"https:\/\/old.lucaoccelli.com\/it\/wp-json\/wp\/v2\/comments?post=267"}],"version-history":[{"count":25,"href":"https:\/\/old.lucaoccelli.com\/it\/wp-json\/wp\/v2\/pages\/267\/revisions"}],"predecessor-version":[{"id":6706,"href":"https:\/\/old.lucaoccelli.com\/it\/wp-json\/wp\/v2\/pages\/267\/revisions\/6706"}],"wp:attachment":[{"href":"https:\/\/old.lucaoccelli.com\/it\/wp-json\/wp\/v2\/media?parent=267"}],"curies":[{"name":"wp","href":"https:\/\/api.w.org\/{rel}","templated":true}]}}