{"id":263,"date":"2016-06-16T14:17:06","date_gmt":"2016-06-16T13:17:06","guid":{"rendered":"https:\/\/old.lucaoccelli.com\/it\/?page_id=263"},"modified":"2024-09-17T10:17:58","modified_gmt":"2024-09-17T09:17:58","slug":"why-luca","status":"publish","type":"page","link":"https:\/\/old.lucaoccelli.com\/it\/why-luca\/","title":{"rendered":"Chi sono"},"content":{"rendered":"<p>[et_pb_section fb_built=&#8221;1&#8243; fullwidth=&#8221;on&#8221; custom_padding_last_edited=&#8221;on|desktop&#8221; _builder_version=&#8221;4.16&#8243; background_color=&#8221;#ffffff&#8221; custom_padding=&#8221;||0px|&#8221; custom_padding_tablet=&#8221;50px|0|50px|0&#8243; custom_padding_phone=&#8221;&#8221; transparent_background=&#8221;off&#8221; padding_mobile=&#8221;off&#8221; global_colors_info=&#8221;{}&#8221;][et_pb_fullwidth_header title=&#8221;Chi \u00e8 Luca Occelli&#8221; subhead=&#8221;CONOSCI TE STESSO&#8221; header_image_url=&#8221;https:\/\/old.lucaoccelli.com\/wp-content\/uploads\/2016\/05\/luca-occelli.png&#8221; image_orientation=&#8221;bottom&#8221; title_font_color=&#8221;#608eb2&#8243; subhead_font_color=&#8221;#279114&#8243; _builder_version=&#8221;4.16&#8243; title_font=&#8221;|on|||&#8221; title_text_color=&#8221;#608eb2&#8243; title_font_size=&#8221;48px&#8221; subhead_font=&#8221;|||on|&#8221; subhead_text_color=&#8221;#279114&#8243; subhead_font_size=&#8221;32px&#8221; background_color=&#8221;#dae6ea&#8221; background_image=&#8221;https:\/\/old.lucaoccelli.com\/wp-content\/uploads\/2021\/11\/psychologist-03.jpg&#8221; parallax=&#8221;on&#8221; parallax_method=&#8221;on&#8221; background_layout=&#8221;light&#8221; custom_css_main_element=&#8221;padding-bottom: 0px;&#8221; background_url=&#8221;https:\/\/old.lucaoccelli.com\/wp-content\/uploads\/2016\/05\/16.jpg&#8221; global_colors_info=&#8221;{}&#8221; button_one_text_size__hover_enabled=&#8221;off&#8221; button_one_text_size__hover=&#8221;null&#8221; button_two_text_size__hover_enabled=&#8221;off&#8221; button_two_text_size__hover=&#8221;null&#8221; button_one_text_color__hover_enabled=&#8221;off&#8221; button_one_text_color__hover=&#8221;null&#8221; button_two_text_color__hover_enabled=&#8221;off&#8221; button_two_text_color__hover=&#8221;null&#8221; button_one_border_width__hover_enabled=&#8221;off&#8221; button_one_border_width__hover=&#8221;null&#8221; button_two_border_width__hover_enabled=&#8221;off&#8221; button_two_border_width__hover=&#8221;null&#8221; button_one_border_color__hover_enabled=&#8221;off&#8221; button_one_border_color__hover=&#8221;null&#8221; button_two_border_color__hover_enabled=&#8221;off&#8221; button_two_border_color__hover=&#8221;null&#8221; button_one_border_radius__hover_enabled=&#8221;off&#8221; button_one_border_radius__hover=&#8221;null&#8221; button_two_border_radius__hover_enabled=&#8221;off&#8221; button_two_border_radius__hover=&#8221;null&#8221; button_one_letter_spacing__hover_enabled=&#8221;off&#8221; button_one_letter_spacing__hover=&#8221;null&#8221; button_two_letter_spacing__hover_enabled=&#8221;off&#8221; button_two_letter_spacing__hover=&#8221;null&#8221; button_one_bg_color__hover_enabled=&#8221;off&#8221; button_one_bg_color__hover=&#8221;null&#8221; button_two_bg_color__hover_enabled=&#8221;off&#8221; button_two_bg_color__hover=&#8221;null&#8221;][\/et_pb_fullwidth_header][\/et_pb_section][et_pb_section fb_built=&#8221;1&#8243; admin_label=&#8221;section&#8221; _builder_version=&#8221;4.16&#8243; global_colors_info=&#8221;{}&#8221;][et_pb_row admin_label=&#8221;row&#8221; _builder_version=&#8221;4.16&#8243; background_size=&#8221;initial&#8221; background_position=&#8221;top_left&#8221; background_repeat=&#8221;repeat&#8221; global_colors_info=&#8221;{}&#8221;][et_pb_column type=&#8221;4_4&#8243; _builder_version=&#8221;4.16&#8243; custom_padding=&#8221;|||&#8221; global_colors_info=&#8221;{}&#8221; custom_padding__hover=&#8221;|||&#8221;][et_pb_text _builder_version=&#8221;4.24.3&#8243; text_font_size=&#8221;18&#8243; background_size=&#8221;initial&#8221; background_position=&#8221;top_left&#8221; background_repeat=&#8221;repeat&#8221; use_border_color=&#8221;off&#8221; border_color=&#8221;#ffffff&#8221; border_style=&#8221;solid&#8221; global_colors_info=&#8221;{}&#8221;]<\/p>\n<p>Ecco in breve gli eventi successi che mi hanno portato a fare quello che faccio&#8230;<\/p>\n<p>Sono cresciuto in un paese nel nord d\u2019Italia. All\u2019et\u00e0 di 20 anni andai a Londra per imparare l\u2019inglese. Mi piacque molto e ci rimasi. Per svariati motivi la mia vita non era perfetta. Sono caratterialmente curioso e mi piace provare cose nuove. La mia situazione familiare non era molto serena e iniziai a bere alcohol e a fare uso regolare di droghe.<\/p>\n<p>Mia mamma era dipendente agli antidepressivi e all\u2019alcool. Era molto depressa e una volta mi disse che il suo pi\u00f9 grande desiderio era quello di morire. Questo cambi\u00f2 anche la prospettiva che avevo rigurardante la mia vita, divenni pi\u00f9 fragile e depresso. Alla giovane et\u00e0 di 47 anni mamma mor\u00ec senza commettere il suicidio.<\/p>\n<p>Questo per me divent\u00f2 un ulteriore motivo per bere di pi\u00f9 e per incrementare l\u2019uso di droghe. Per questo motivo ebbi due grandi incidenti in macchina durante i quali non mi feci nulla di male pur distruggendole. Una sera nel 2002, durante la quale presi molte droghe attraversando la strada a Londra fui investito da una macchina. Sbattei la testa contro il parabrezza (si ruppe come se gli si fosse stato sbattuto addosso un mattone) e fui scaraventato sul marciapiede.<\/p>\n<p>Sorprendentemente, ero completamente illeso.. Non avevo idea di come potesse essere successo!<\/p>\n<p>Due settimane dopo questo avvenimento, una sera a inizio serata (non avevo ancora bevuto alcool o assunto stupefacenti), un uomo che non conoscevo, che non mi conosceva si avvicin\u00f2 e mi disse di essere un medium e che aveva qualcosa di importante da dirmi. Subito pensai che scherzasse essendo all\u2019epoca scettico a riguardo certe cose.<\/p>\n<p>Mi disse che c\u2019era l\u00ec una presenza e che sarebbe potuta essere mia mamma che voleva che mi dicesse certe cose (questo 6 anni dopo la sua morte). Questa presenza voleva farmi sapere che stava benissimo e che sarebbe intervenuta se ce ne fosse stato bisogno come aveva sempre fatto ma che era ora che cambiassi stile di vita. Inoltre disse che avrei dovuto prestare particolarmente attenzione a non bere alcool e guidare e a non salire in macchina con gente che avesse bevuto per le prossime due settimane.<\/p>\n<p>Non ho mai pi\u00f9 visto quell\u2019uomo. Non mi chiese soldi o altro in cambio di quello che mi aveva detto. Quell\u2019incontro fu quando decisi di cambiare completamente la mia vita.<\/p>\n<p>Da allora smisi di dispiacermi e di piangere la morte di mia mamma. Divenne ovvio che chi siamo veramente \u00e8 quel qualcosa di invisibile, di intangibile. Quello che spinse un uomo che non mi conosceva a dirmi certe cose.<\/p>\n<p>Mi sono poi letteralmente rivolto verso l\u2019alto e ho chiesto: \u201cse c\u2019\u00e8 qualcosa, qualcuno lass\u00f9, aiutami, desidero cambiare!\u201d.<br \/>Smisi di drogarmi e moderai l\u2019assunzione di alcool che divenne normale, non regolare e cominciai a sentirmi ancora meglio di come mi sentivo quando mi drogavo. L\u2019amore per la vita che sentivo era pi\u00f9 forte del piacere che le droghe stesse mi avevano dato e fu facile non assumerle.<\/p>\n<p>Mi sentivo diverso e uno dei motivi potrebbe essere dovuto al fatto che mi aprii alla possibilit\u00e0 che la vita sia eterna, che non finisca tutto quando muoriamo e che esista un\u2019intelligenza, un potere del quale fino ad allora ero inconsapevole.<\/p>\n<p>Da allora cominciai ad interessarmi a tutto quello che \u00e8 di natura spirituale, metafisica (che non si vede, oltre la fisicit\u00e0). Cominciai a leggere libri, partecipare a corsi e seminari. Ho studiato la metafisica per cinque anni diventando counsellor metafisico, mi sono laureato in psicologia clinica e sono diventato dottore in psicologia. Tutto questo principalmente per capire quello che mi fosse successo e per acquisire conoscenze e strumenti per poter aiutare gli altri a vivere pi\u00f9 serenamente e scoprire chi sono veramente.<br \/>Come ho gi\u00e0 accennato, mi aprii a una nuova dimensione che non avevo considerato in precedenza. Ovviamente dovetti lavorare per raggiungere quello che desideravo anche dopo questa realizzazione, ancora oggi devo farlo, ma le paure maggiori, sorgenti di ansie e compulsioni che avevo precedentemente sono scomparse. Subito dopo esseremi aperto all\u2019eventualit\u00e0 che esistesse un\u2019intelligenza che potesse aiutarmi mi seniti cos\u00ec bene che feci un patto con essa:<\/p>\n<p>Promisi che avrei fatto tutto quello che potevo per rimanere in quello stato di consapevolezza naturalmente e mi sarei impegnato per aiutare gli altri a realizzare la stessa cosa. Adesso aiuto chi desidera scoprire le proprie infinite capacit\u00e0 ed utilizzarle per vivere felicemente.<\/p>\n<p><strong>Questa \u00e8 la mia visione e missione.<\/strong><\/p>\n<p>&nbsp;<\/p>\n<p>[\/et_pb_text][\/et_pb_column][\/et_pb_row][et_pb_row _builder_version=&#8221;4.16&#8243; _module_preset=&#8221;default&#8221; background_color=&#8221;#827f7e&#8221; box_shadow_style=&#8221;preset2&#8243; global_colors_info=&#8221;{}&#8221;][et_pb_column type=&#8221;4_4&#8243; _builder_version=&#8221;4.16&#8243; _module_preset=&#8221;default&#8221; global_colors_info=&#8221;{}&#8221;][et_pb_testimonial author=&#8221;Luca Occelli&#8221; admin_label=&#8221;Quote by Luca&#8221; _builder_version=&#8221;4.16&#8243; body_font=&#8221;Georgia||on||&#8221; body_font_size=&#8221;24&#8243; use_background_color=&#8221;off&#8221; background_size=&#8221;initial&#8221; background_position=&#8221;top_left&#8221; background_repeat=&#8221;repeat&#8221; text_orientation=&#8221;center&#8221; background_layout=&#8221;dark&#8221; use_border_color=&#8221;off&#8221; border_color=&#8221;#ffffff&#8221; border_style=&#8221;solid&#8221; global_colors_info=&#8221;{}&#8221;]<\/p>\n<p style=\"text-align: center;\">&#8220;Quando la pace interiore e la contentezza diventano il tuo punto focale costante,<br \/>\nla tua intera vita si trasforma!&#8221;<\/p>\n<p>[\/et_pb_testimonial][et_pb_cta button_url=&#8221;https:\/\/old.lucaoccelli.com\/it\/biografia-professionale\/&#8221; button_text=&#8221;Biografia professionale&#8221; admin_label=&#8221;CTA Biografia&#8221; _builder_version=&#8221;4.27.0&#8243; use_background_color=&#8221;off&#8221; background_size=&#8221;initial&#8221; background_position=&#8221;top_left&#8221; background_repeat=&#8221;repeat&#8221; hover_enabled=&#8221;0&#8243; use_border_color=&#8221;off&#8221; border_color=&#8221;#ffffff&#8221; border_style=&#8221;solid&#8221; global_colors_info=&#8221;{}&#8221; button_text_size__hover_enabled=&#8221;off&#8221; button_text_size__hover=&#8221;null&#8221; button_one_text_size__hover_enabled=&#8221;off&#8221; button_one_text_size__hover=&#8221;null&#8221; button_two_text_size__hover_enabled=&#8221;off&#8221; button_two_text_size__hover=&#8221;null&#8221; button_text_color__hover_enabled=&#8221;off&#8221; button_text_color__hover=&#8221;null&#8221; button_one_text_color__hover_enabled=&#8221;off&#8221; button_one_text_color__hover=&#8221;null&#8221; button_two_text_color__hover_enabled=&#8221;off&#8221; button_two_text_color__hover=&#8221;null&#8221; button_border_width__hover_enabled=&#8221;off&#8221; button_border_width__hover=&#8221;null&#8221; button_one_border_width__hover_enabled=&#8221;off&#8221; button_one_border_width__hover=&#8221;null&#8221; button_two_border_width__hover_enabled=&#8221;off&#8221; button_two_border_width__hover=&#8221;null&#8221; button_border_color__hover_enabled=&#8221;off&#8221; button_border_color__hover=&#8221;null&#8221; button_one_border_color__hover_enabled=&#8221;off&#8221; button_one_border_color__hover=&#8221;null&#8221; button_two_border_color__hover_enabled=&#8221;off&#8221; button_two_border_color__hover=&#8221;null&#8221; button_border_radius__hover_enabled=&#8221;off&#8221; button_border_radius__hover=&#8221;null&#8221; button_one_border_radius__hover_enabled=&#8221;off&#8221; button_one_border_radius__hover=&#8221;null&#8221; button_two_border_radius__hover_enabled=&#8221;off&#8221; button_two_border_radius__hover=&#8221;null&#8221; button_letter_spacing__hover_enabled=&#8221;off&#8221; button_letter_spacing__hover=&#8221;null&#8221; button_one_letter_spacing__hover_enabled=&#8221;off&#8221; button_one_letter_spacing__hover=&#8221;null&#8221; button_two_letter_spacing__hover_enabled=&#8221;off&#8221; button_two_letter_spacing__hover=&#8221;null&#8221; button_bg_color__hover_enabled=&#8221;off&#8221; button_bg_color__hover=&#8221;null&#8221; button_one_bg_color__hover_enabled=&#8221;off&#8221; button_one_bg_color__hover=&#8221;null&#8221; button_two_bg_color__hover_enabled=&#8221;off&#8221; button_two_bg_color__hover=&#8221;null&#8221; sticky_enabled=&#8221;0&#8243;][\/et_pb_cta][\/et_pb_column][\/et_pb_row][\/et_pb_section]<\/p>\n","protected":false},"excerpt":{"rendered":"<p>Ecco in breve gli eventi successi che mi hanno portato a fare quello che faccio&#8230; Sono cresciuto in un paese nel nord d\u2019Italia. All\u2019et\u00e0 di 20 anni andai a Londra per imparare l\u2019inglese. Mi piacque molto e ci rimasi. Per svariati motivi la mia vita non era perfetta. Sono caratterialmente curioso e mi piace provare [&hellip;]<\/p>\n","protected":false},"author":1,"featured_media":0,"parent":0,"menu_order":0,"comment_status":"closed","ping_status":"closed","template":"","meta":{"_et_pb_use_builder":"on","_et_pb_old_content":"","_et_gb_content_width":"","footnotes":""},"class_list":["post-263","page","type-page","status-publish","hentry"],"_links":{"self":[{"href":"https:\/\/old.lucaoccelli.com\/it\/wp-json\/wp\/v2\/pages\/263","targetHints":{"allow":["GET"]}}],"collection":[{"href":"https:\/\/old.lucaoccelli.com\/it\/wp-json\/wp\/v2\/pages"}],"about":[{"href":"https:\/\/old.lucaoccelli.com\/it\/wp-json\/wp\/v2\/types\/page"}],"author":[{"embeddable":true,"href":"https:\/\/old.lucaoccelli.com\/it\/wp-json\/wp\/v2\/users\/1"}],"replies":[{"embeddable":true,"href":"https:\/\/old.lucaoccelli.com\/it\/wp-json\/wp\/v2\/comments?post=263"}],"version-history":[{"count":29,"href":"https:\/\/old.lucaoccelli.com\/it\/wp-json\/wp\/v2\/pages\/263\/revisions"}],"predecessor-version":[{"id":11732,"href":"https:\/\/old.lucaoccelli.com\/it\/wp-json\/wp\/v2\/pages\/263\/revisions\/11732"}],"wp:attachment":[{"href":"https:\/\/old.lucaoccelli.com\/it\/wp-json\/wp\/v2\/media?parent=263"}],"curies":[{"name":"wp","href":"https:\/\/api.w.org\/{rel}","templated":true}]}}