{"id":1242,"date":"2017-05-12T11:51:24","date_gmt":"2017-05-12T10:51:24","guid":{"rendered":"https:\/\/old.lucaoccelli.com\/?page_id=1242\/"},"modified":"2018-08-31T19:01:47","modified_gmt":"2018-08-31T18:01:47","slug":"promozione-seduta-gratuita","status":"publish","type":"page","link":"https:\/\/old.lucaoccelli.com\/it\/promozione-seduta-gratuita\/","title":{"rendered":"Promozione seduta gratuita"},"content":{"rendered":"<p>[et_pb_section bb_built=&#8221;1&#8243; custom_padding=&#8221;||0px|&#8221; fullwidth=&#8221;on&#8221; _builder_version=&#8221;3.0.47&#8243; next_background_color=&#8221;#000000&#8243;][et_pb_fullwidth_header title=&#8221;Ecco come ti aiuter\u00f2 a raggiungere la felicit\u00e0 che ti appartiene&#8221; subhead=&#8221;e a realizzare i tuoi progetti di vita!&#8221; background_layout=&#8221;dark&#8221; header_scroll_down=&#8221;on&#8221; scroll_down_icon=&#8221;%%2%%&#8221; scroll_down_icon_size=&#8221;28px&#8221; header_image_url=&#8221;https:\/\/old.lucaoccelli.com\/wp-content\/uploads\/2016\/05\/luca-occelli.png&#8221; image_orientation=&#8221;bottom&#8221; _builder_version=&#8221;3.0.87&#8243; title_font=&#8221;Lora||||&#8221; title_font_size=&#8221;34px&#8221; subhead_font=&#8221;Lora||||&#8221; subhead_font_size=&#8221;24px&#8221; background_color=&#8221;#16477f&#8221; custom_css_main_element=&#8221;padding-bottom:0px;&#8221; custom_css_subtitle=&#8221;margin-top: 18px;&#8221; \/][\/et_pb_section][et_pb_section bb_built=&#8221;1&#8243; admin_label=&#8221;section&#8221; custom_padding=&#8221;24px|0px|24px|0px&#8221; _builder_version=&#8221;3.0.47&#8243; prev_background_color=&#8221;#000000&#8243; next_background_color=&#8221;#2ca81c&#8221;][et_pb_row admin_label=&#8221;row&#8221; _builder_version=&#8221;3.0.47&#8243; background_size=&#8221;initial&#8221; background_position=&#8221;top_left&#8221; background_repeat=&#8221;repeat&#8221;][et_pb_column type=&#8221;4_4&#8243;][et_pb_text _builder_version=&#8221;3.0.87&#8243; background_size=&#8221;initial&#8221; background_position=&#8221;top_left&#8221; background_repeat=&#8221;repeat&#8221; inline_fonts=&#8221;Lora&#8221;]<\/p>\n<p>Mi chiamo Luca e sono un <strong><em>counsellor metafisico<\/em><\/strong>. Termine insolito, vero? Non preoccuparti: ci\u00f2 che conta \u00e8 il fatto che possiedo le competenze e gli strumenti per aiutarti ad operare una serie di cambiamenti necessari nella tua vita.<\/p>\n<p>Posso, cio\u00e8, insegnarti a conoscere e a muoverti in una realt\u00e0 che va ben oltre quello che i tuoi sensi fisici percepiscono.<\/p>\n<p>Imparerai innanzitutto a <strong>vivere il presente<\/strong>. La societ\u00e0 frenetica in cui siamo immersi, sovente, ci fa proiettare le nostre aspettative nel passato o nel futuro. Cos\u00ec facendo, per\u00f2, cercheremo sempre la nostra realizzazione personale in qualcosa che non esiste, perch\u00e9 \u00e8 stato nel passato, oppure non si \u00e8 ancora compiuto (e forse non si compir\u00e0 mai).<\/p>\n<p>Ti insegner\u00f2, quindi, come osservare la tua mente da una nuova angolazione che ti permetter\u00e0 di non cadere vittima dei suoi scherzi e di mantenere il controllo della tua vita. Sovente, infatti, ci lasciamo frenare o condizionare da emozioni negative che derivano dagli errori compiuti in passato.<\/p>\n<p style=\"text-align: center;\"><span style=\"font-family: Lora; font-weight: normal; font-size: large;\"><em>Non ti prometto un cambiamento istantaneo e senza sforzi.<\/em><\/span><br \/>\n<span style=\"font-family: Lora; font-weight: normal; font-size: large;\"><em> Nulla nella vita pu\u00f2 arrivare senza la costanza, l\u2019impegno e il sacrificio.<\/em><\/span><br \/>\n<span style=\"font-family: Lora; font-weight: normal; font-size: large;\"><em> Per\u00f2, posso fornirti gli strumenti che ti aiuteranno ad innescare e a mantenere vivo il fuoco del cambiamento dentro di te!<\/em><\/span><\/p>\n<p><strong>Proprio cos\u00ec!<\/strong> Non sono un \u201cmago\u201d, n\u00e9 un sensitivo. Il mio lavoro riguarda, s\u00ec, forze e fenomeni che per essere compresi richiedono di andare oltre la percezione fisica dei fenomeni. Tuttavia, sarai tu a pilotare la cabina di regia della tua vita. Sarai tu il motore del cambiamento che desideri e della tua realizzazione personale.<\/p>\n<p>Nel tuo percorso ti affiancher\u00f2, ti guider\u00f2 e ti consiglier\u00f2 le migliori strategie per mantenere il controllo su te stesso. Cosa mi contraddistingue \u2013 e mi differenzia da altri esperti nel mio stesso campo \u2013 \u00e8 che allo studio delle discipline metafisiche ho affiancato lo studio della psicologia. Questo approccio mi ha permesso di maturare una conoscenza a 360\u00b0 dei meccanismi che regolano l\u2019io e le emozioni.<\/p>\n<p>[\/et_pb_text][\/et_pb_column][\/et_pb_row][\/et_pb_section][et_pb_section bb_built=&#8221;1&#8243; background_color=&#8221;#2ca81c&#8221; custom_padding=&#8221;0px|0px|0px|0px&#8221; fullwidth=&#8221;on&#8221; _builder_version=&#8221;3.0.47&#8243; prev_background_color=&#8221;#ffffff&#8221; next_background_color=&#8221;#ffffff&#8221;][et_pb_fullwidth_header title=&#8221;Ti regalo il mio e-book&#8221; subhead=&#8221;&#8230;e la tua prima consulenza di 30 minuti gratuita!&#8221; background_layout=&#8221;dark&#8221; header_image_url=&#8221;https:\/\/old.lucaoccelli.com\/wp-content\/uploads\/2017\/05\/Surprise-Present-256.png&#8221; image_orientation=&#8221;bottom&#8221; _builder_version=&#8221;3.0.87&#8243; subhead_font_size=&#8221;30px&#8221; background_color=&#8221;#16477F&#8221; custom_css_main_element=&#8221;padding: 20px&#8221; custom_css_header_image=&#8221;width: 128px; height: 128px;&#8221; text_orientation=&#8221;left&#8221; header_fullscreen=&#8221;off&#8221; header_scroll_down=&#8221;off&#8221; content_orientation=&#8221;center&#8221; custom_button_two=&#8221;off&#8221; button_two_icon_placement=&#8221;right&#8221; custom_button_one=&#8221;off&#8221; button_one_icon_placement=&#8221;right&#8221; max_width_tablet=&#8221;50px&#8221; \/][\/et_pb_section][et_pb_section bb_built=&#8221;1&#8243; _builder_version=&#8221;3.0.47&#8243; prev_background_color=&#8221;#2ca81c&#8221;][et_pb_row _builder_version=&#8221;3.0.47&#8243; background_size=&#8221;initial&#8221; background_position=&#8221;top_left&#8221; background_repeat=&#8221;repeat&#8221;][et_pb_column type=&#8221;1_2&#8243;][et_pb_image src=&#8221;https:\/\/old.lucaoccelli.com\/wp-content\/uploads\/2017\/10\/cover-2018-small.jpg&#8221; align=&#8221;center&#8221; max_width=&#8221;320px&#8221; _builder_version=&#8221;3.0.80&#8243; animation_style=&#8221;slide&#8221; animation_duration=&#8221;500ms&#8221; animation_intensity_slide=&#8221;10%&#8221; animation_direction=&#8221;left&#8221; show_in_lightbox=&#8221;off&#8221; url_new_window=&#8221;off&#8221; use_overlay=&#8221;off&#8221; always_center_on_mobile=&#8221;on&#8221; border_style=&#8221;solid&#8221; force_fullwidth=&#8221;off&#8221; show_bottom_space=&#8221;on&#8221; \/][et_pb_text admin_label=&#8221;sconto&#8221; text_orientation=&#8221;justified&#8221; _builder_version=&#8221;3.7&#8243; background_size=&#8221;initial&#8221; background_position=&#8221;top_left&#8221; background_repeat=&#8221;repeat&#8221; border_style=&#8221;solid&#8221; module_alignment=&#8221;left&#8221;]<\/p>\n<p>Se non l\u2019hai ancora fatto, registrati per ottenere la tua copia digitale gratuita de \u201c<strong>Il Punto Focale<\/strong>\u201d, il mio libro. Te lo regalo perch\u00e9 desidero che tu possa iniziare da subito il Grande cambiamento, con consigli concreti e semplici da mettere in atto. Vedrai, sar\u00e0 una lettura piacevole e ti offrir\u00e0 preziosi spunti di riflessione!<\/p>\n<p>Ti offro inoltre la seduta di consulenza gratuita di 30 minuti! <strong>Una sessione di consulenza<\/strong>, in cui ascolter\u00f2 attentamente ci\u00f2 che ti preoccupa e ci\u00f2 che vorresti dalla vita, fornendoti il mio punto di vista e i miei consigli. La seduta pu\u00f2 avvenire in persona o tramite Skype o Zoom.<\/p>\n<p>Dopo deciderai se vuoi proseguire il percorso cominciato e andare oltre, oppure no. In ogni caso il libro rester\u00e0 tuo, come l\u2019esperienza della seduta!<\/p>\n<p>[\/et_pb_text][\/et_pb_column][et_pb_column type=&#8221;1_2&#8243;][et_pb_text admin_label=&#8221;buono sconto&#8221; _builder_version=&#8221;3.0.87&#8243; text_font=&#8221;|on|||&#8221; text_line_height=&#8221;1.3em&#8221; background_image=&#8221;https:\/\/old.lucaoccelli.com\/wp-content\/uploads\/2017\/05\/wov.png&#8221; background_size=&#8221;initial&#8221; background_position=&#8221;top_left&#8221; background_repeat=&#8221;repeat&#8221; use_border_color=&#8221;on&#8221; border_color=&#8221;#967000&#8243; border_style=&#8221;dashed&#8221; custom_padding=&#8221;20px|20px|20px|20px&#8221; custom_css_main_element=&#8221;text-shadow: 1px 1px 1px white;&#8221; background_layout=&#8221;light&#8221; module_alignment=&#8221;left&#8221; border_color_all=&#8221;#967000&#8243; border_style_all=&#8221;dashed&#8221;]<\/p>\n<p>&nbsp;<\/p>\n<h2 style=\"text-align: left;\"><span style=\"color: #000000;\">Buono Sconto<\/span><\/h2>\n<p style=\"text-align: left;\"><em>Valido per la mia prima consulenza<\/em><\/p>\n<p>Caro Luca,<br \/>\nsono interessato\/a a ricevere la seduta di consulenza gratuita. Mi contatterai all\u2019indirizzo fornito per concordare la data e l&#8217;orario.<\/p>\n<p>Mi manderai al pi\u00f9 presto, inoltre, una copia digitale del tuo libro \u201cIl Punto Focale\u201d, con preziosi consigli che mi aiuteranno ad iniziare il mio percorso di cambiamento.<\/p>\n<p class=\"wpcf7-contact-form-not-found\"><strong>Errore:<\/strong> Modulo di contatto non trovato.<\/p>\n<p>&nbsp;<\/p>\n<p>[\/et_pb_text][\/et_pb_column][\/et_pb_row][\/et_pb_section]<\/p>\n","protected":false},"excerpt":{"rendered":"<p>Mi chiamo Luca e sono un counsellor metafisico. Termine insolito, vero? Non preoccuparti: ci\u00f2 che conta \u00e8 il fatto che possiedo le competenze e gli strumenti per aiutarti ad operare una serie di cambiamenti necessari nella tua vita. Posso, cio\u00e8, insegnarti a conoscere e a muoverti in una realt\u00e0 che va ben oltre quello che [&hellip;]<\/p>\n","protected":false},"author":1,"featured_media":0,"parent":0,"menu_order":0,"comment_status":"closed","ping_status":"closed","template":"page-template-blank.php","meta":{"_et_pb_use_builder":"on","_et_pb_old_content":"","_et_gb_content_width":"","footnotes":""},"class_list":["post-1242","page","type-page","status-publish","hentry"],"_links":{"self":[{"href":"https:\/\/old.lucaoccelli.com\/it\/wp-json\/wp\/v2\/pages\/1242","targetHints":{"allow":["GET"]}}],"collection":[{"href":"https:\/\/old.lucaoccelli.com\/it\/wp-json\/wp\/v2\/pages"}],"about":[{"href":"https:\/\/old.lucaoccelli.com\/it\/wp-json\/wp\/v2\/types\/page"}],"author":[{"embeddable":true,"href":"https:\/\/old.lucaoccelli.com\/it\/wp-json\/wp\/v2\/users\/1"}],"replies":[{"embeddable":true,"href":"https:\/\/old.lucaoccelli.com\/it\/wp-json\/wp\/v2\/comments?post=1242"}],"version-history":[{"count":36,"href":"https:\/\/old.lucaoccelli.com\/it\/wp-json\/wp\/v2\/pages\/1242\/revisions"}],"predecessor-version":[{"id":1918,"href":"https:\/\/old.lucaoccelli.com\/it\/wp-json\/wp\/v2\/pages\/1242\/revisions\/1918"}],"wp:attachment":[{"href":"https:\/\/old.lucaoccelli.com\/it\/wp-json\/wp\/v2\/media?parent=1242"}],"curies":[{"name":"wp","href":"https:\/\/api.w.org\/{rel}","templated":true}]}}